{"id":1639,"date":"2016-06-13T14:45:00","date_gmt":"2016-06-13T12:45:00","guid":{"rendered":"http:\/\/sirkusinfo.fi\/hallinta\/en\/?page_id=1639"},"modified":"2017-09-13T15:32:27","modified_gmt":"2017-09-13T13:32:27","slug":"studies-and-reports","status":"publish","type":"page","link":"https:\/\/sirkusinfo.fi\/en\/circus-in-finland\/studies-and-reports\/","title":{"rendered":"Studies and Reports"},"content":{"rendered":"<h2>Nordic Circus Survey<\/h2>\n<p>Jutta Virolainen: Nordic Circus Survey.<br \/>\nCircusInfo Finland 2012.<\/p>\n<p>The Nordic circus survey by CircusInfo Finland examines circus arts in all Nordic countries in relation to youth circus, education and training in circus, as well as circus professionals, both individual artists and circus companies. The survey shows statistics on working conditions, funding structures and current challenges as well as future opportunities in the field of circus arts in Nordic countries. Project researcher Jutta Virolainen wrote the survey as part of the final report of the Nordic Circus Year 2011, coordinated by CircusInfo Finland together with the New Nordic Circus Network NNCN.<\/p>\n<p>Download <a href=\"http:\/\/sirkusinfo.fi\/hallinta\/wp-content\/uploads\/2016\/08\/Nordic-Circus-Survey-fix-1.pdf\">Nordic Circus Survey<\/a> (pdf)<\/p>\n<h2 class=\"p1\">Circus arts education and employment in Finland<\/h2>\n<p class=\"p1\">The survey commissioned by CircusInfo Finland examines how Finnish graduated circus artists find work and how well the teaching content of professional circus schools fits the needs of employers.<\/p>\n<p>The survey was carried out in 2009 by sending a questionnaire to all graduated students and the ones still studying a professional circus degree in Finland. In addition six circus artists\u2019 employers were interviewed, including representatives of traditional circuses, contemporary companies, youth circus schools, and theatres. The publication reviews the structures of the circus field and education. Furthermore, it maps out circus professionals\u2019 current job descriptions, sources of income and experiences of the education received. The survey is published in Finnish on Arts Promotion Centre Finland website.<\/p>\n<p>Riikka \u00c5strand: Sirkusalan ammatillinen koulutus ja ty\u00f6el\u00e4m\u00e4.<br \/>\nTy\u00f6papereita \u2013 Working papers no 49.\u00a0Taiteen keskustoimikunta 2010.\u00a0Helsinki.\u00a0ISSN 0788-5318 ISBN 978-952-5253-80-1.<\/p>\n<p>Riikka \u00c5strand: A summary of the results (presented at the Seminar \u201dFuture Circus Arts Education\u201d in Turku, Finland in 2011). <a href=\"http:\/\/sirkusinfo.fi\/hallinta\/wp-content\/uploads\/2016\/06\/circusartists_edu_and_employ.pdf\">Download the pdf<\/a>\u00a0(in English).<\/p>\n","protected":false},"excerpt":{"rendered":"<p>Nordic Circus Survey Jutta Virolainen: Nordic Circus Survey. CircusInfo Finland 2012. The Nordic circus survey [&hellip;]<\/p>\n","protected":false},"author":28,"featured_media":0,"parent":1604,"menu_order":0,"comment_status":"closed","ping_status":"closed","template":"","meta":{"_acf_changed":false,"footnotes":""},"class_list":["post-1639","page","type-page","status-publish","hentry"],"acf":[],"yoast_head":"<!-- This site is optimized with the Yoast SEO plugin v27.3 - https:\/\/yoast.com\/product\/yoast-seo-wordpress\/ -->\n<title>Studies and Reports &#8226; Sirkuksen Tiedotuskeskus<\/title>\n<meta name=\"robots\" content=\"index, follow, max-snippet:-1, max-image-preview:large, max-video-preview:-1\" \/>\n<link rel=\"canonical\" href=\"https:\/\/sirkusinfo.fi\/en\/circus-in-finland\/studies-and-reports\/\" \/>\n<meta property=\"og:locale\" content=\"en_US\" \/>\n<meta property=\"og:type\" content=\"article\" \/>\n<meta property=\"og:title\" content=\"Studies and Reports &#8226; Sirkuksen Tiedotuskeskus\" \/>\n<meta property=\"og:description\" content=\"Nordic Circus Survey Jutta Virolainen: Nordic Circus Survey. CircusInfo Finland 2012. The Nordic circus survey [&hellip;]\" \/>\n<meta property=\"og:url\" content=\"https:\/\/sirkusinfo.fi\/en\/circus-in-finland\/studies-and-reports\/\" \/>\n<meta property=\"og:site_name\" content=\"Sirkuksen Tiedotuskeskus\" \/>\n<meta property=\"article:publisher\" content=\"https:\/\/www.facebook.com\/sirkusinfo\/\" \/>\n<meta property=\"article:modified_time\" content=\"2017-09-13T13:32:27+00:00\" \/>\n<meta name=\"twitter:card\" content=\"summary_large_image\" \/>\n<meta name=\"twitter:site\" content=\"@sirkusinfo\" \/>\n<meta name=\"twitter:label1\" content=\"Est. reading time\" \/>\n\t<meta name=\"twitter:data1\" content=\"1 minute\" \/>\n<script type=\"application\/ld+json\" class=\"yoast-schema-graph\">{\"@context\":\"https:\\\/\\\/schema.org\",\"@graph\":[{\"@type\":\"WebPage\",\"@id\":\"https:\\\/\\\/sirkusinfo.fi\\\/en\\\/circus-in-finland\\\/studies-and-reports\\\/\",\"url\":\"https:\\\/\\\/sirkusinfo.fi\\\/en\\\/circus-in-finland\\\/studies-and-reports\\\/\",\"name\":\"Studies and Reports &#8226; Sirkuksen Tiedotuskeskus\",\"isPartOf\":{\"@id\":\"https:\\\/\\\/sirkusinfo.fi\\\/en\\\/#website\"},\"datePublished\":\"2016-06-13T12:45:00+00:00\",\"dateModified\":\"2017-09-13T13:32:27+00:00\",\"breadcrumb\":{\"@id\":\"https:\\\/\\\/sirkusinfo.fi\\\/en\\\/circus-in-finland\\\/studies-and-reports\\\/#breadcrumb\"},\"inLanguage\":\"en-US\",\"potentialAction\":[{\"@type\":\"ReadAction\",\"target\":[\"https:\\\/\\\/sirkusinfo.fi\\\/en\\\/circus-in-finland\\\/studies-and-reports\\\/\"]}]},{\"@type\":\"BreadcrumbList\",\"@id\":\"https:\\\/\\\/sirkusinfo.fi\\\/en\\\/circus-in-finland\\\/studies-and-reports\\\/#breadcrumb\",\"itemListElement\":[{\"@type\":\"ListItem\",\"position\":1,\"name\":\"Home\",\"item\":\"https:\\\/\\\/sirkusinfo.fi\\\/en\\\/\"},{\"@type\":\"ListItem\",\"position\":2,\"name\":\"Circus in Finland\",\"item\":\"https:\\\/\\\/sirkusinfo.fi\\\/en\\\/circus-in-finland\\\/\"},{\"@type\":\"ListItem\",\"position\":3,\"name\":\"Studies and Reports\"}]},{\"@type\":\"WebSite\",\"@id\":\"https:\\\/\\\/sirkusinfo.fi\\\/en\\\/#website\",\"url\":\"https:\\\/\\\/sirkusinfo.fi\\\/en\\\/\",\"name\":\"Sirkuksen Tiedotuskeskus\",\"description\":\"Suomalaisen sirkuksen kohtauspaikka\",\"publisher\":{\"@id\":\"https:\\\/\\\/sirkusinfo.fi\\\/en\\\/#organization\"},\"potentialAction\":[{\"@type\":\"SearchAction\",\"target\":{\"@type\":\"EntryPoint\",\"urlTemplate\":\"https:\\\/\\\/sirkusinfo.fi\\\/en\\\/?s={search_term_string}\"},\"query-input\":{\"@type\":\"PropertyValueSpecification\",\"valueRequired\":true,\"valueName\":\"search_term_string\"}}],\"inLanguage\":\"en-US\"},{\"@type\":\"Organization\",\"@id\":\"https:\\\/\\\/sirkusinfo.fi\\\/en\\\/#organization\",\"name\":\"Sirkuksen tiedotuskeskus - Circusinfo Finland\",\"url\":\"https:\\\/\\\/sirkusinfo.fi\\\/en\\\/\",\"logo\":{\"@type\":\"ImageObject\",\"inLanguage\":\"en-US\",\"@id\":\"https:\\\/\\\/sirkusinfo.fi\\\/en\\\/#\\\/schema\\\/logo\\\/image\\\/\",\"url\":\"https:\\\/\\\/sirkusinfo.fi\\\/hallinta\\\/wp-content\\\/uploads\\\/2016\\\/08\\\/Sirkusinfo_nelio.jpg\",\"contentUrl\":\"https:\\\/\\\/sirkusinfo.fi\\\/hallinta\\\/wp-content\\\/uploads\\\/2016\\\/08\\\/Sirkusinfo_nelio.jpg\",\"width\":260,\"height\":260,\"caption\":\"Sirkuksen tiedotuskeskus - Circusinfo Finland\"},\"image\":{\"@id\":\"https:\\\/\\\/sirkusinfo.fi\\\/en\\\/#\\\/schema\\\/logo\\\/image\\\/\"},\"sameAs\":[\"https:\\\/\\\/www.facebook.com\\\/sirkusinfo\\\/\",\"https:\\\/\\\/x.com\\\/sirkusinfo\",\"https:\\\/\\\/www.instagram.com\\\/sirkusinfo\\\/\",\"https:\\\/\\\/www.linkedin.com\\\/company\\\/sirkuksen-tiedotuskeskus-ry\"]}]}<\/script>\n<!-- \/ Yoast SEO plugin. -->","yoast_head_json":{"title":"Studies and Reports &#8226; Sirkuksen Tiedotuskeskus","robots":{"index":"index","follow":"follow","max-snippet":"max-snippet:-1","max-image-preview":"max-image-preview:large","max-video-preview":"max-video-preview:-1"},"canonical":"https:\/\/sirkusinfo.fi\/en\/circus-in-finland\/studies-and-reports\/","og_locale":"en_US","og_type":"article","og_title":"Studies and Reports &#8226; Sirkuksen Tiedotuskeskus","og_description":"Nordic Circus Survey Jutta Virolainen: Nordic Circus Survey. CircusInfo Finland 2012. The Nordic circus survey [&hellip;]","og_url":"https:\/\/sirkusinfo.fi\/en\/circus-in-finland\/studies-and-reports\/","og_site_name":"Sirkuksen Tiedotuskeskus","article_publisher":"https:\/\/www.facebook.com\/sirkusinfo\/","article_modified_time":"2017-09-13T13:32:27+00:00","twitter_card":"summary_large_image","twitter_site":"@sirkusinfo","twitter_misc":{"Est. reading time":"1 minute"},"schema":{"@context":"https:\/\/schema.org","@graph":[{"@type":"WebPage","@id":"https:\/\/sirkusinfo.fi\/en\/circus-in-finland\/studies-and-reports\/","url":"https:\/\/sirkusinfo.fi\/en\/circus-in-finland\/studies-and-reports\/","name":"Studies and Reports &#8226; Sirkuksen Tiedotuskeskus","isPartOf":{"@id":"https:\/\/sirkusinfo.fi\/en\/#website"},"datePublished":"2016-06-13T12:45:00+00:00","dateModified":"2017-09-13T13:32:27+00:00","breadcrumb":{"@id":"https:\/\/sirkusinfo.fi\/en\/circus-in-finland\/studies-and-reports\/#breadcrumb"},"inLanguage":"en-US","potentialAction":[{"@type":"ReadAction","target":["https:\/\/sirkusinfo.fi\/en\/circus-in-finland\/studies-and-reports\/"]}]},{"@type":"BreadcrumbList","@id":"https:\/\/sirkusinfo.fi\/en\/circus-in-finland\/studies-and-reports\/#breadcrumb","itemListElement":[{"@type":"ListItem","position":1,"name":"Home","item":"https:\/\/sirkusinfo.fi\/en\/"},{"@type":"ListItem","position":2,"name":"Circus in Finland","item":"https:\/\/sirkusinfo.fi\/en\/circus-in-finland\/"},{"@type":"ListItem","position":3,"name":"Studies and Reports"}]},{"@type":"WebSite","@id":"https:\/\/sirkusinfo.fi\/en\/#website","url":"https:\/\/sirkusinfo.fi\/en\/","name":"Sirkuksen Tiedotuskeskus","description":"Suomalaisen sirkuksen kohtauspaikka","publisher":{"@id":"https:\/\/sirkusinfo.fi\/en\/#organization"},"potentialAction":[{"@type":"SearchAction","target":{"@type":"EntryPoint","urlTemplate":"https:\/\/sirkusinfo.fi\/en\/?s={search_term_string}"},"query-input":{"@type":"PropertyValueSpecification","valueRequired":true,"valueName":"search_term_string"}}],"inLanguage":"en-US"},{"@type":"Organization","@id":"https:\/\/sirkusinfo.fi\/en\/#organization","name":"Sirkuksen tiedotuskeskus - Circusinfo Finland","url":"https:\/\/sirkusinfo.fi\/en\/","logo":{"@type":"ImageObject","inLanguage":"en-US","@id":"https:\/\/sirkusinfo.fi\/en\/#\/schema\/logo\/image\/","url":"https:\/\/sirkusinfo.fi\/hallinta\/wp-content\/uploads\/2016\/08\/Sirkusinfo_nelio.jpg","contentUrl":"https:\/\/sirkusinfo.fi\/hallinta\/wp-content\/uploads\/2016\/08\/Sirkusinfo_nelio.jpg","width":260,"height":260,"caption":"Sirkuksen tiedotuskeskus - Circusinfo Finland"},"image":{"@id":"https:\/\/sirkusinfo.fi\/en\/#\/schema\/logo\/image\/"},"sameAs":["https:\/\/www.facebook.com\/sirkusinfo\/","https:\/\/x.com\/sirkusinfo","https:\/\/www.instagram.com\/sirkusinfo\/","https:\/\/www.linkedin.com\/company\/sirkuksen-tiedotuskeskus-ry"]}]}},"_links":{"self":[{"href":"https:\/\/sirkusinfo.fi\/en\/wp-json\/wp\/v2\/pages\/1639","targetHints":{"allow":["GET"]}}],"collection":[{"href":"https:\/\/sirkusinfo.fi\/en\/wp-json\/wp\/v2\/pages"}],"about":[{"href":"https:\/\/sirkusinfo.fi\/en\/wp-json\/wp\/v2\/types\/page"}],"author":[{"embeddable":true,"href":"https:\/\/sirkusinfo.fi\/en\/wp-json\/wp\/v2\/users\/28"}],"replies":[{"embeddable":true,"href":"https:\/\/sirkusinfo.fi\/en\/wp-json\/wp\/v2\/comments?post=1639"}],"version-history":[{"count":5,"href":"https:\/\/sirkusinfo.fi\/en\/wp-json\/wp\/v2\/pages\/1639\/revisions"}],"predecessor-version":[{"id":6362,"href":"https:\/\/sirkusinfo.fi\/en\/wp-json\/wp\/v2\/pages\/1639\/revisions\/6362"}],"up":[{"embeddable":true,"href":"https:\/\/sirkusinfo.fi\/en\/wp-json\/wp\/v2\/pages\/1604"}],"wp:attachment":[{"href":"https:\/\/sirkusinfo.fi\/en\/wp-json\/wp\/v2\/media?parent=1639"}],"curies":[{"name":"wp","href":"https:\/\/api.w.org\/{rel}","templated":true}]}}