{"id":1637,"date":"2016-06-13T14:41:31","date_gmt":"2016-06-13T12:41:31","guid":{"rendered":"http:\/\/sirkusinfo.fi\/hallinta\/en\/?page_id=1637"},"modified":"2023-05-09T15:37:32","modified_gmt":"2023-05-09T12:37:32","slug":"newsletter-subscription","status":"publish","type":"page","link":"https:\/\/sirkusinfo.fi\/en\/whats-on\/newsletter-subscription\/","title":{"rendered":"Newsletter subscription"},"content":{"rendered":"<form id=\"subForm\" class=\"js-cm-form\" action=\"https:\/\/www.createsend.com\/t\/subscribeerror?description=\" method=\"post\" data-id=\"5B5E7037DA78A748374AD499497E309E44B35A9A1920B583610692B4E5D4161DB4464D8EAE88930A8C2EB8C5D6A74DC981AE713459A8705B7C0CD3167AF120CA\">\n<div class=\"\">Our newsletter informs you about our international activities and news from the Finnish circus sector. The English speaking newsletter comes out a few times a year. If you want more information about our activities in Finland and news from Finnish circus groups and artists, you can subscribe to our monthly Finnish speaking newsletter <a href=\"http:\/\/sirkusinfo.fi\/ajankohtaista\/tilaa-uutiskirje\/\">here<\/a>.\u00a0 Read our <a href=\"http:\/\/sirkusinfo.fi\/en\/about-us\/privacy-policy\/\">Privacy policy<\/a>.<\/div>\n<p><!--T\u00e4m\u00e4 lomake johtaa STK:n Gruppossa ryhm\u00e4\u00e4n Newsletter web-form id=3355 ryhm\u00e4\u00e4n liittyminen on double opt-in--><\/p>\n<\/form>\n<p>N.B.! Our old newsletter cannot be subscribed anymore. You can subscribe to Circus &amp; Dance Info Finland&#8217;s newsletter on our new website.<\/p>\n","protected":false},"excerpt":{"rendered":"<p>Our newsletter informs you about our international activities and news from the Finnish circus sector. [&hellip;]<\/p>\n","protected":false},"author":28,"featured_media":0,"parent":1623,"menu_order":0,"comment_status":"closed","ping_status":"closed","template":"","meta":{"_acf_changed":false,"footnotes":""},"class_list":["post-1637","page","type-page","status-publish","hentry"],"acf":[],"yoast_head":"<!-- This site is optimized with the Yoast SEO plugin v27.3 - https:\/\/yoast.com\/product\/yoast-seo-wordpress\/ -->\n<title>Newsletter subscription &#8226; Sirkuksen Tiedotuskeskus<\/title>\n<meta name=\"robots\" content=\"index, follow, max-snippet:-1, max-image-preview:large, max-video-preview:-1\" \/>\n<link rel=\"canonical\" href=\"https:\/\/sirkusinfo.fi\/en\/whats-on\/newsletter-subscription\/\" \/>\n<meta property=\"og:locale\" content=\"en_US\" \/>\n<meta property=\"og:type\" content=\"article\" \/>\n<meta property=\"og:title\" content=\"Newsletter subscription &#8226; Sirkuksen Tiedotuskeskus\" \/>\n<meta property=\"og:description\" content=\"Our newsletter informs you about our international activities and news from the Finnish circus sector. [&hellip;]\" \/>\n<meta property=\"og:url\" content=\"https:\/\/sirkusinfo.fi\/en\/whats-on\/newsletter-subscription\/\" \/>\n<meta property=\"og:site_name\" content=\"Sirkuksen Tiedotuskeskus\" \/>\n<meta property=\"article:publisher\" content=\"https:\/\/www.facebook.com\/sirkusinfo\/\" \/>\n<meta property=\"article:modified_time\" content=\"2023-05-09T12:37:32+00:00\" \/>\n<meta name=\"twitter:card\" content=\"summary_large_image\" \/>\n<meta name=\"twitter:site\" content=\"@sirkusinfo\" \/>\n<meta name=\"twitter:label1\" content=\"Est. reading time\" \/>\n\t<meta name=\"twitter:data1\" content=\"1 minute\" \/>\n<script type=\"application\/ld+json\" class=\"yoast-schema-graph\">{\"@context\":\"https:\\\/\\\/schema.org\",\"@graph\":[{\"@type\":\"WebPage\",\"@id\":\"https:\\\/\\\/sirkusinfo.fi\\\/en\\\/whats-on\\\/newsletter-subscription\\\/\",\"url\":\"https:\\\/\\\/sirkusinfo.fi\\\/en\\\/whats-on\\\/newsletter-subscription\\\/\",\"name\":\"Newsletter subscription &#8226; Sirkuksen Tiedotuskeskus\",\"isPartOf\":{\"@id\":\"https:\\\/\\\/sirkusinfo.fi\\\/en\\\/#website\"},\"datePublished\":\"2016-06-13T12:41:31+00:00\",\"dateModified\":\"2023-05-09T12:37:32+00:00\",\"breadcrumb\":{\"@id\":\"https:\\\/\\\/sirkusinfo.fi\\\/en\\\/whats-on\\\/newsletter-subscription\\\/#breadcrumb\"},\"inLanguage\":\"en-US\",\"potentialAction\":[{\"@type\":\"ReadAction\",\"target\":[\"https:\\\/\\\/sirkusinfo.fi\\\/en\\\/whats-on\\\/newsletter-subscription\\\/\"]}]},{\"@type\":\"BreadcrumbList\",\"@id\":\"https:\\\/\\\/sirkusinfo.fi\\\/en\\\/whats-on\\\/newsletter-subscription\\\/#breadcrumb\",\"itemListElement\":[{\"@type\":\"ListItem\",\"position\":1,\"name\":\"Home\",\"item\":\"https:\\\/\\\/sirkusinfo.fi\\\/en\\\/\"},{\"@type\":\"ListItem\",\"position\":2,\"name\":\"What&#8217;s on\",\"item\":\"https:\\\/\\\/sirkusinfo.fi\\\/en\\\/whats-on\\\/\"},{\"@type\":\"ListItem\",\"position\":3,\"name\":\"Newsletter subscription\"}]},{\"@type\":\"WebSite\",\"@id\":\"https:\\\/\\\/sirkusinfo.fi\\\/en\\\/#website\",\"url\":\"https:\\\/\\\/sirkusinfo.fi\\\/en\\\/\",\"name\":\"Sirkuksen Tiedotuskeskus\",\"description\":\"Suomalaisen sirkuksen kohtauspaikka\",\"publisher\":{\"@id\":\"https:\\\/\\\/sirkusinfo.fi\\\/en\\\/#organization\"},\"potentialAction\":[{\"@type\":\"SearchAction\",\"target\":{\"@type\":\"EntryPoint\",\"urlTemplate\":\"https:\\\/\\\/sirkusinfo.fi\\\/en\\\/?s={search_term_string}\"},\"query-input\":{\"@type\":\"PropertyValueSpecification\",\"valueRequired\":true,\"valueName\":\"search_term_string\"}}],\"inLanguage\":\"en-US\"},{\"@type\":\"Organization\",\"@id\":\"https:\\\/\\\/sirkusinfo.fi\\\/en\\\/#organization\",\"name\":\"Sirkuksen tiedotuskeskus - Circusinfo Finland\",\"url\":\"https:\\\/\\\/sirkusinfo.fi\\\/en\\\/\",\"logo\":{\"@type\":\"ImageObject\",\"inLanguage\":\"en-US\",\"@id\":\"https:\\\/\\\/sirkusinfo.fi\\\/en\\\/#\\\/schema\\\/logo\\\/image\\\/\",\"url\":\"https:\\\/\\\/sirkusinfo.fi\\\/hallinta\\\/wp-content\\\/uploads\\\/2016\\\/08\\\/Sirkusinfo_nelio.jpg\",\"contentUrl\":\"https:\\\/\\\/sirkusinfo.fi\\\/hallinta\\\/wp-content\\\/uploads\\\/2016\\\/08\\\/Sirkusinfo_nelio.jpg\",\"width\":260,\"height\":260,\"caption\":\"Sirkuksen tiedotuskeskus - Circusinfo Finland\"},\"image\":{\"@id\":\"https:\\\/\\\/sirkusinfo.fi\\\/en\\\/#\\\/schema\\\/logo\\\/image\\\/\"},\"sameAs\":[\"https:\\\/\\\/www.facebook.com\\\/sirkusinfo\\\/\",\"https:\\\/\\\/x.com\\\/sirkusinfo\",\"https:\\\/\\\/www.instagram.com\\\/sirkusinfo\\\/\",\"https:\\\/\\\/www.linkedin.com\\\/company\\\/sirkuksen-tiedotuskeskus-ry\"]}]}<\/script>\n<!-- \/ Yoast SEO plugin. -->","yoast_head_json":{"title":"Newsletter subscription &#8226; Sirkuksen Tiedotuskeskus","robots":{"index":"index","follow":"follow","max-snippet":"max-snippet:-1","max-image-preview":"max-image-preview:large","max-video-preview":"max-video-preview:-1"},"canonical":"https:\/\/sirkusinfo.fi\/en\/whats-on\/newsletter-subscription\/","og_locale":"en_US","og_type":"article","og_title":"Newsletter subscription &#8226; Sirkuksen Tiedotuskeskus","og_description":"Our newsletter informs you about our international activities and news from the Finnish circus sector. [&hellip;]","og_url":"https:\/\/sirkusinfo.fi\/en\/whats-on\/newsletter-subscription\/","og_site_name":"Sirkuksen Tiedotuskeskus","article_publisher":"https:\/\/www.facebook.com\/sirkusinfo\/","article_modified_time":"2023-05-09T12:37:32+00:00","twitter_card":"summary_large_image","twitter_site":"@sirkusinfo","twitter_misc":{"Est. reading time":"1 minute"},"schema":{"@context":"https:\/\/schema.org","@graph":[{"@type":"WebPage","@id":"https:\/\/sirkusinfo.fi\/en\/whats-on\/newsletter-subscription\/","url":"https:\/\/sirkusinfo.fi\/en\/whats-on\/newsletter-subscription\/","name":"Newsletter subscription &#8226; Sirkuksen Tiedotuskeskus","isPartOf":{"@id":"https:\/\/sirkusinfo.fi\/en\/#website"},"datePublished":"2016-06-13T12:41:31+00:00","dateModified":"2023-05-09T12:37:32+00:00","breadcrumb":{"@id":"https:\/\/sirkusinfo.fi\/en\/whats-on\/newsletter-subscription\/#breadcrumb"},"inLanguage":"en-US","potentialAction":[{"@type":"ReadAction","target":["https:\/\/sirkusinfo.fi\/en\/whats-on\/newsletter-subscription\/"]}]},{"@type":"BreadcrumbList","@id":"https:\/\/sirkusinfo.fi\/en\/whats-on\/newsletter-subscription\/#breadcrumb","itemListElement":[{"@type":"ListItem","position":1,"name":"Home","item":"https:\/\/sirkusinfo.fi\/en\/"},{"@type":"ListItem","position":2,"name":"What&#8217;s on","item":"https:\/\/sirkusinfo.fi\/en\/whats-on\/"},{"@type":"ListItem","position":3,"name":"Newsletter subscription"}]},{"@type":"WebSite","@id":"https:\/\/sirkusinfo.fi\/en\/#website","url":"https:\/\/sirkusinfo.fi\/en\/","name":"Sirkuksen Tiedotuskeskus","description":"Suomalaisen sirkuksen kohtauspaikka","publisher":{"@id":"https:\/\/sirkusinfo.fi\/en\/#organization"},"potentialAction":[{"@type":"SearchAction","target":{"@type":"EntryPoint","urlTemplate":"https:\/\/sirkusinfo.fi\/en\/?s={search_term_string}"},"query-input":{"@type":"PropertyValueSpecification","valueRequired":true,"valueName":"search_term_string"}}],"inLanguage":"en-US"},{"@type":"Organization","@id":"https:\/\/sirkusinfo.fi\/en\/#organization","name":"Sirkuksen tiedotuskeskus - Circusinfo Finland","url":"https:\/\/sirkusinfo.fi\/en\/","logo":{"@type":"ImageObject","inLanguage":"en-US","@id":"https:\/\/sirkusinfo.fi\/en\/#\/schema\/logo\/image\/","url":"https:\/\/sirkusinfo.fi\/hallinta\/wp-content\/uploads\/2016\/08\/Sirkusinfo_nelio.jpg","contentUrl":"https:\/\/sirkusinfo.fi\/hallinta\/wp-content\/uploads\/2016\/08\/Sirkusinfo_nelio.jpg","width":260,"height":260,"caption":"Sirkuksen tiedotuskeskus - Circusinfo Finland"},"image":{"@id":"https:\/\/sirkusinfo.fi\/en\/#\/schema\/logo\/image\/"},"sameAs":["https:\/\/www.facebook.com\/sirkusinfo\/","https:\/\/x.com\/sirkusinfo","https:\/\/www.instagram.com\/sirkusinfo\/","https:\/\/www.linkedin.com\/company\/sirkuksen-tiedotuskeskus-ry"]}]}},"_links":{"self":[{"href":"https:\/\/sirkusinfo.fi\/en\/wp-json\/wp\/v2\/pages\/1637","targetHints":{"allow":["GET"]}}],"collection":[{"href":"https:\/\/sirkusinfo.fi\/en\/wp-json\/wp\/v2\/pages"}],"about":[{"href":"https:\/\/sirkusinfo.fi\/en\/wp-json\/wp\/v2\/types\/page"}],"author":[{"embeddable":true,"href":"https:\/\/sirkusinfo.fi\/en\/wp-json\/wp\/v2\/users\/28"}],"replies":[{"embeddable":true,"href":"https:\/\/sirkusinfo.fi\/en\/wp-json\/wp\/v2\/comments?post=1637"}],"version-history":[{"count":5,"href":"https:\/\/sirkusinfo.fi\/en\/wp-json\/wp\/v2\/pages\/1637\/revisions"}],"predecessor-version":[{"id":21621,"href":"https:\/\/sirkusinfo.fi\/en\/wp-json\/wp\/v2\/pages\/1637\/revisions\/21621"}],"up":[{"embeddable":true,"href":"https:\/\/sirkusinfo.fi\/en\/wp-json\/wp\/v2\/pages\/1623"}],"wp:attachment":[{"href":"https:\/\/sirkusinfo.fi\/en\/wp-json\/wp\/v2\/media?parent=1637"}],"curies":[{"name":"wp","href":"https:\/\/api.w.org\/{rel}","templated":true}]}}